{"id":7791,"date":"2025-12-10T10:10:27","date_gmt":"2025-12-10T15:10:27","guid":{"rendered":"https:\/\/rbctrainingground.ca\/?page_id=7791"},"modified":"2026-03-28T21:36:08","modified_gmt":"2026-03-29T01:36:08","slug":"sign-up","status":"publish","type":"page","link":"https:\/\/www.rbctrainingground.ca\/fr\/sign-up\/","title":{"rendered":"Sign Up"},"content":{"rendered":"\r\n<h3>Merci de l\u2019int\u00e9r\u00eat que tu portes au Camp des recrues RBC.<\/h3>\r\n<div class=\"sign-up-tracker flex-wrap\">\r\n<div class=\"step current\">\r\n<h4><span class=\"emphasized\">1<\/span>Inscris-toi en tant qu\u2019athl\u00e8te.<\/h4>\r\n<p>Fournis les renseignements demand\u00e9s, y compris ton nom, ton adresse \u00e9lectronique, ta date de naissance et ta province de r\u00e9sidence.<\/p>\r\n<p class=\"cta-wrap\"><a class=\"btn\" href=\"https:\/\/trainingground.olympic.ca\/fr-FR\/sign-up\/\" rel=\"noopener\" style=\"font-size:15px !important;\">Je m\u2019inscris maintenant<\/a><\/p>\r\n\r\n<\/div>\r\n<div class=\"step\">\r\n<h4><span class=\"emphasized\">2<\/span>Cr\u00e9e ton profil d\u2019athl\u00e8te d\u00e8s maintenant.<\/h4>\r\n<p>Une fois la p\u00e9riode d\u2019inscription ouverte, tu recevras un courriel te demandant de le faire. <\/p>\r\n<\/div>\r\n<div class=\"step\">\r\n<h4><span class=\"emphasized\">3<\/span>Mets \u00e0 l\u2019\u00e9preuve ta vitesse, ta puissance, ta force et ton endurance \u00e0 l\u2019\u00e9v\u00e9nement de qualification qui se tiendra dans ta r\u00e9gion. <\/h4>\r\n<p>Amuse-toi bien et bonne chance pour les qualifications en pr\u00e9sence d\u2019\u00c9quipe Canada.<\/p>\r\n\r\n<\/div>\r\n<\/div>\r\n&nbsp;\r\n<h3 class=\"section-top-margin\">Des questions ?<\/h3>\r\n\u00c9cris \u00e0 <a href=\"mailto:rbctrainingground@olympic.ca?subject=RBC Training Ground Sign Up Inquiry\">rbctrainingground@olympic.ca<\/a> et consulte notre <a href=\"\/fr\/#faq\">FAQ<\/a>. \r\n\n","protected":false},"excerpt":{"rendered":"","protected":false},"author":3,"featured_media":0,"parent":0,"menu_order":3,"comment_status":"closed","ping_status":"closed","template":"","meta":{"_acf_changed":false,"_genesis_hide_title":false,"_genesis_hide_breadcrumbs":false,"_genesis_hide_singular_image":false,"_genesis_hide_footer_widgets":false,"_genesis_custom_body_class":"","_genesis_custom_post_class":"","_genesis_layout":"full-width-content","footnotes":""},"class_list":{"0":"post-7791","1":"page","2":"type-page","3":"status-publish","5":"entry"},"translation":{"provider":"WPGlobus","version":"3.0.2","language":"fr","enabled_languages":["en","fr"],"languages":{"en":{"title":true,"content":true,"excerpt":false},"fr":{"title":false,"content":true,"excerpt":false}}},"acf":[],"yoast_head":"<!-- This site is optimized with the Yoast SEO plugin v27.4 - https:\/\/yoast.com\/product\/yoast-seo-wordpress\/ -->\n<title>RBC Training Ground | Sign Up<\/title>\n<meta name=\"robots\" content=\"noindex, follow\" \/>\n<meta property=\"og:locale\" content=\"fr_FR\" \/>\n<meta property=\"og:type\" content=\"article\" \/>\n<meta property=\"og:title\" content=\"Sign Up - Camps des recrues RBC\" \/>\n<meta property=\"og:url\" content=\"https:\/\/rbctrainingground.ca\/sign-up\/\" \/>\n<meta property=\"og:site_name\" content=\"Camps des recrues RBC\" \/>\n<meta property=\"article:modified_time\" content=\"2026-03-29T01:36:08+00:00\" \/>\n<meta name=\"twitter:card\" content=\"summary_large_image\" \/>\n<meta name=\"twitter:label1\" content=\"Est. reading time\" \/>\n\t<meta name=\"twitter:data1\" content=\"1 minute\" \/>\n<script type=\"application\/ld+json\" class=\"yoast-schema-graph\">{\"@context\":\"https:\\\/\\\/schema.org\",\"@graph\":[{\"@type\":\"WebPage\",\"@id\":\"https:\\\/\\\/rbctrainingground.ca\\\/sign-up\\\/\",\"url\":\"https:\\\/\\\/rbctrainingground.ca\\\/sign-up\\\/\",\"name\":\"RBC Training Ground | Sign Up\",\"isPartOf\":{\"@id\":\"https:\\\/\\\/rbctrainingground.ca\\\/#website\"},\"datePublished\":\"2025-12-10T15:10:27+00:00\",\"dateModified\":\"2026-03-29T01:36:08+00:00\",\"description\":\"Thank you for your interest in RBC Training Ground. To sign up for free and participate virtually, follow the steps by December 1st, 2020.\",\"breadcrumb\":{\"@id\":\"https:\\\/\\\/rbctrainingground.ca\\\/sign-up\\\/#breadcrumb\"},\"inLanguage\":\"fr-FR\",\"potentialAction\":[{\"@type\":\"ReadAction\",\"target\":[\"https:\\\/\\\/rbctrainingground.ca\\\/sign-up\\\/\"]}]},{\"@type\":\"BreadcrumbList\",\"@id\":\"https:\\\/\\\/rbctrainingground.ca\\\/sign-up\\\/#breadcrumb\",\"itemListElement\":[{\"@type\":\"ListItem\",\"position\":1,\"name\":\"Home\",\"item\":\"https:\\\/\\\/rbctrainingground.ca\\\/\"},{\"@type\":\"ListItem\",\"position\":2,\"name\":\"Sign Up\"}]},{\"@type\":\"WebSite\",\"@id\":\"https:\\\/\\\/rbctrainingground.ca\\\/#website\",\"url\":\"https:\\\/\\\/rbctrainingground.ca\\\/\",\"name\":\"Camps des recrues RBC\",\"description\":\"Lib\u00e9rez votre potentiel.\",\"potentialAction\":[{\"@type\":\"SearchAction\",\"target\":{\"@type\":\"EntryPoint\",\"urlTemplate\":\"https:\\\/\\\/rbctrainingground.ca\\\/?s={search_term_string}\"},\"query-input\":{\"@type\":\"PropertyValueSpecification\",\"valueRequired\":true,\"valueName\":\"search_term_string\"}}],\"inLanguage\":\"fr-FR\"}]}<\/script>\n<!-- \/ Yoast SEO plugin. -->","yoast_head_json":{"title":"RBC Training Ground | Sign Up","robots":{"index":"noindex","follow":"follow"},"og_locale":"fr_FR","og_type":"article","og_title":"Sign Up - Camps des recrues RBC","og_url":"https:\/\/rbctrainingground.ca\/sign-up\/","og_site_name":"Camps des recrues RBC","article_modified_time":"2026-03-29T01:36:08+00:00","twitter_card":"summary_large_image","twitter_misc":{"Est. reading time":"1 minute"},"schema":{"@context":"https:\/\/schema.org","@graph":[{"@type":"WebPage","@id":"https:\/\/rbctrainingground.ca\/sign-up\/","url":"https:\/\/rbctrainingground.ca\/sign-up\/","name":"RBC Training Ground | Sign Up","isPartOf":{"@id":"https:\/\/rbctrainingground.ca\/#website"},"datePublished":"2025-12-10T15:10:27+00:00","dateModified":"2026-03-29T01:36:08+00:00","description":"Thank you for your interest in RBC Training Ground. To sign up for free and participate virtually, follow the steps by December 1st, 2020.","breadcrumb":{"@id":"https:\/\/rbctrainingground.ca\/sign-up\/#breadcrumb"},"inLanguage":"fr-FR","potentialAction":[{"@type":"ReadAction","target":["https:\/\/rbctrainingground.ca\/sign-up\/"]}]},{"@type":"BreadcrumbList","@id":"https:\/\/rbctrainingground.ca\/sign-up\/#breadcrumb","itemListElement":[{"@type":"ListItem","position":1,"name":"Home","item":"https:\/\/rbctrainingground.ca\/"},{"@type":"ListItem","position":2,"name":"Sign Up"}]},{"@type":"WebSite","@id":"https:\/\/rbctrainingground.ca\/#website","url":"https:\/\/rbctrainingground.ca\/","name":"Camps des recrues RBC","description":"Lib\u00e9rez votre potentiel.","potentialAction":[{"@type":"SearchAction","target":{"@type":"EntryPoint","urlTemplate":"https:\/\/rbctrainingground.ca\/?s={search_term_string}"},"query-input":{"@type":"PropertyValueSpecification","valueRequired":true,"valueName":"search_term_string"}}],"inLanguage":"fr-FR"}]}},"_links":{"self":[{"href":"https:\/\/www.rbctrainingground.ca\/fr\/wp-json\/wp\/v2\/pages\/7791","targetHints":{"allow":["GET"]}}],"collection":[{"href":"https:\/\/www.rbctrainingground.ca\/fr\/wp-json\/wp\/v2\/pages"}],"about":[{"href":"https:\/\/www.rbctrainingground.ca\/fr\/wp-json\/wp\/v2\/types\/page"}],"author":[{"embeddable":true,"href":"https:\/\/www.rbctrainingground.ca\/fr\/wp-json\/wp\/v2\/users\/3"}],"replies":[{"embeddable":true,"href":"https:\/\/www.rbctrainingground.ca\/fr\/wp-json\/wp\/v2\/comments?post=7791"}],"version-history":[{"count":22,"href":"https:\/\/www.rbctrainingground.ca\/fr\/wp-json\/wp\/v2\/pages\/7791\/revisions"}],"predecessor-version":[{"id":9623,"href":"https:\/\/www.rbctrainingground.ca\/fr\/wp-json\/wp\/v2\/pages\/7791\/revisions\/9623"}],"wp:attachment":[{"href":"https:\/\/www.rbctrainingground.ca\/fr\/wp-json\/wp\/v2\/media?parent=7791"}],"curies":[{"name":"wp","href":"https:\/\/api.w.org\/{rel}","templated":true}]}}